{"id":135,"date":"2025-06-22T11:36:55","date_gmt":"2025-06-22T11:36:55","guid":{"rendered":"http:\/\/itrois.com.br\/?page_id=135"},"modified":"2025-06-22T16:15:04","modified_gmt":"2025-06-22T16:15:04","slug":"home","status":"publish","type":"page","link":"https:\/\/itrois.com.br\/","title":{"rendered":"Mudamos nosso dom\u00ednio."},"content":{"rendered":"\n<div class=\"wp-block-cover alignfull has-parallax\" style=\"min-height:363px;aspect-ratio:unset;\"><div role=\"img\" aria-label=\"lightbulb, light, electricity, energy, innovation, lighting, decorative, close up, modern\" class=\"wp-block-cover__image-background wp-image-667 size-full has-parallax\" style=\"background-position:50% 50%;background-image:url(https:\/\/itrois.com.br\/wp-content\/uploads\/2025\/06\/gb64643ec301f2da6e1cfef868f6cb7636acd4ecf73bc6d00a2fcc76d771c844ac566bc19cb56e8c095ab54086dffad42_640-5352822.jpg)\"><\/div><span aria-hidden=\"true\" class=\"wp-block-cover__background has-background-dim-90 has-background-dim\" style=\"background-color:#323538\"><\/span><div class=\"wp-block-cover__inner-container is-layout-flow wp-block-cover-is-layout-flow\">\n<h2 class=\"wp-block-heading has-text-align-left has-white-color has-text-color\" style=\"margin-top:0;margin-right:var(--wp--preset--spacing--40);margin-bottom:0;margin-left:var(--wp--preset--spacing--40)\">Nosso dom\u00ednio mudou.<br>Agora somos globais. <br>Somos itrois.tech<br>Acesse e veja todas as novidades que preparamos para voc\u00eas.<\/h2>\n\n\n\n<div class=\"wp-block-buttons is-horizontal is-content-justification-center is-layout-flex wp-container-core-buttons-is-layout-03627597 wp-block-buttons-is-layout-flex\">\n<div class=\"wp-block-button is-style-outline is-style-outline--1\"><a class=\"wp-block-button__link has-text-align-center wp-element-button\" href=\"https:\/\/itrois.tech\/\">Acesse AGORA nosso novo Website<\/a><\/div>\n<\/div>\n<\/div><\/div>\n\n\n\n<figure class=\"wp-block-embed is-type-video is-provider-youtube wp-block-embed-youtube wp-embed-aspect-16-9 wp-has-aspect-ratio\"><div class=\"wp-block-embed__wrapper\">\n<iframe loading=\"lazy\" title=\"iTrois | Inova\u00e7\u00e3o com Prop\u00f3sito | Sommie + Feira F\u00e1cil\" width=\"500\" height=\"281\" src=\"https:\/\/www.youtube.com\/embed\/VfZXdFT8dUU?feature=oembed\" frameborder=\"0\" allow=\"accelerometer; autoplay; clipboard-write; encrypted-media; gyroscope; picture-in-picture; web-share\" referrerpolicy=\"strict-origin-when-cross-origin\" allowfullscreen><\/iframe>\n<\/div><\/figure>\n\n\n\n<div class=\"wp-block-buttons is-content-justification-center is-layout-flex wp-container-core-buttons-is-layout-a89b3969 wp-block-buttons-is-layout-flex\">\n<div class=\"wp-block-button\"><a class=\"wp-block-button__link wp-element-button\" href=\"https:\/\/itrois.tech\/\">Acesse nosso novo site!<\/a><\/div>\n<\/div>\n","protected":false},"excerpt":{"rendered":"","protected":false},"author":1,"featured_media":0,"parent":0,"menu_order":0,"comment_status":"closed","ping_status":"closed","template":"","meta":{"om_disable_all_campaigns":false,"_monsterinsights_skip_tracking":false,"_monsterinsights_sitenote_active":false,"_monsterinsights_sitenote_note":"","_monsterinsights_sitenote_category":0,"footnotes":""},"class_list":["post-135","page","type-page","status-publish","hentry"],"aioseo_notices":[],"_links":{"self":[{"href":"https:\/\/itrois.com.br\/index.php?rest_route=\/wp\/v2\/pages\/135","targetHints":{"allow":["GET"]}}],"collection":[{"href":"https:\/\/itrois.com.br\/index.php?rest_route=\/wp\/v2\/pages"}],"about":[{"href":"https:\/\/itrois.com.br\/index.php?rest_route=\/wp\/v2\/types\/page"}],"author":[{"embeddable":true,"href":"https:\/\/itrois.com.br\/index.php?rest_route=\/wp\/v2\/users\/1"}],"replies":[{"embeddable":true,"href":"https:\/\/itrois.com.br\/index.php?rest_route=%2Fwp%2Fv2%2Fcomments&post=135"}],"version-history":[{"count":49,"href":"https:\/\/itrois.com.br\/index.php?rest_route=\/wp\/v2\/pages\/135\/revisions"}],"predecessor-version":[{"id":675,"href":"https:\/\/itrois.com.br\/index.php?rest_route=\/wp\/v2\/pages\/135\/revisions\/675"}],"wp:attachment":[{"href":"https:\/\/itrois.com.br\/index.php?rest_route=%2Fwp%2Fv2%2Fmedia&parent=135"}],"curies":[{"name":"wp","href":"https:\/\/api.w.org\/{rel}","templated":true}]}}